{"id":2090,"date":"2018-09-07T18:03:04","date_gmt":"2018-09-07T16:03:04","guid":{"rendered":"https:\/\/okayfactor.com\/?page_id=2090"},"modified":"2023-02-24T09:14:12","modified_gmt":"2023-02-24T08:14:12","slug":"success-stories","status":"publish","type":"page","link":"https:\/\/okayfactor.com\/?page_id=2090","title":{"rendered":"Success Stories"},"content":{"rendered":"<div id=\"cs-content\" class=\"cs-content\"><\/div>\n","protected":false},"excerpt":{"rendered":"<p>Success Stories Pilgerweg-App Zum Projekt Pilgerweg-App 9. August 2021 Kann man digital pilgern? Ja, man kann! In der Coronaphase f\u00fcr die Arbeitgemeinschaft Christlicher Kirchen entwickelt und seit Mai 2020 kontinuierlich wachsende Nutzerzahlen. Tr\u00e4gerdialog Zum Projekt Tr\u00e4gerdialog 21. Januar 2021 Mit dem erneuten Lockdown hat sich die Situation f\u00fcr viele Weiterbildungstr\u00e4ger erneut versch\u00e4rft. Gleichzeitig wurden inzwischen neue Wege in der digitalen &#8230; <a href=\"https:\/\/okayfactor.com\/?page_id=2090\" class=\"more-link\">Read More<\/a><\/p>\n","protected":false},"author":1,"featured_media":0,"parent":0,"menu_order":0,"comment_status":"closed","ping_status":"closed","template":"","meta":{"footnotes":""},"class_list":["post-2090","page","type-page","status-publish","hentry","no-post-thumbnail"],"yoast_head":"<!-- This site is optimized with the Yoast SEO plugin v25.6 - https:\/\/yoast.com\/wordpress\/plugins\/seo\/ -->\n<title>Success Stories - Okay Factor<\/title>\n<meta name=\"robots\" content=\"index, follow, max-snippet:-1, max-image-preview:large, max-video-preview:-1\" \/>\n<link rel=\"canonical\" href=\"https:\/\/okayfactor.com\/?page_id=2090\" \/>\n<meta property=\"og:locale\" content=\"de_DE\" \/>\n<meta property=\"og:type\" content=\"article\" \/>\n<meta property=\"og:title\" content=\"Success Stories - Okay Factor\" \/>\n<meta property=\"og:description\" content=\"Success Stories Pilgerweg-App Zum Projekt Pilgerweg-App 9. August 2021 Kann man digital pilgern? Ja, man kann! In der Coronaphase f\u00fcr die Arbeitgemeinschaft Christlicher Kirchen entwickelt und seit Mai 2020 kontinuierlich wachsende Nutzerzahlen. Tr\u00e4gerdialog Zum Projekt Tr\u00e4gerdialog 21. Januar 2021 Mit dem erneuten Lockdown hat sich die Situation f\u00fcr viele Weiterbildungstr\u00e4ger erneut versch\u00e4rft. Gleichzeitig wurden inzwischen neue Wege in der digitalen ... Read More\" \/>\n<meta property=\"og:url\" content=\"https:\/\/okayfactor.com\/?page_id=2090\" \/>\n<meta property=\"og:site_name\" content=\"Okay Factor\" \/>\n<meta property=\"article:publisher\" content=\"https:\/\/www.facebook.com\/okayfactor\" \/>\n<meta property=\"article:modified_time\" content=\"2023-02-24T08:14:12+00:00\" \/>\n<meta name=\"twitter:card\" content=\"summary_large_image\" \/>\n<meta name=\"twitter:label1\" content=\"Gesch\u00e4tzte Lesezeit\" \/>\n\t<meta name=\"twitter:data1\" content=\"1\u00a0Minute\" \/>\n<script type=\"application\/ld+json\" class=\"yoast-schema-graph\">{\"@context\":\"https:\/\/schema.org\",\"@graph\":[{\"@type\":\"WebPage\",\"@id\":\"https:\/\/okayfactor.com\/?page_id=2090\",\"url\":\"https:\/\/okayfactor.com\/?page_id=2090\",\"name\":\"Success Stories - Okay Factor\",\"isPartOf\":{\"@id\":\"https:\/\/okayfactor.com\/#website\"},\"datePublished\":\"2018-09-07T16:03:04+00:00\",\"dateModified\":\"2023-02-24T08:14:12+00:00\",\"breadcrumb\":{\"@id\":\"https:\/\/okayfactor.com\/?page_id=2090#breadcrumb\"},\"inLanguage\":\"de\",\"potentialAction\":[{\"@type\":\"ReadAction\",\"target\":[\"https:\/\/okayfactor.com\/?page_id=2090\"]}]},{\"@type\":\"BreadcrumbList\",\"@id\":\"https:\/\/okayfactor.com\/?page_id=2090#breadcrumb\",\"itemListElement\":[{\"@type\":\"ListItem\",\"position\":1,\"name\":\"Home\",\"item\":\"https:\/\/okayfactor.com\/\"},{\"@type\":\"ListItem\",\"position\":2,\"name\":\"Success Stories\"}]},{\"@type\":\"WebSite\",\"@id\":\"https:\/\/okayfactor.com\/#website\",\"url\":\"https:\/\/okayfactor.com\/\",\"name\":\"Okayfactor\",\"description\":\"Agentur f\u00fcr alles, was Sinn macht.\",\"publisher\":{\"@id\":\"https:\/\/okayfactor.com\/#organization\"},\"potentialAction\":[{\"@type\":\"SearchAction\",\"target\":{\"@type\":\"EntryPoint\",\"urlTemplate\":\"https:\/\/okayfactor.com\/?s={search_term_string}\"},\"query-input\":{\"@type\":\"PropertyValueSpecification\",\"valueRequired\":true,\"valueName\":\"search_term_string\"}}],\"inLanguage\":\"de\"},{\"@type\":\"Organization\",\"@id\":\"https:\/\/okayfactor.com\/#organization\",\"name\":\"Okayfactor\",\"url\":\"https:\/\/okayfactor.com\/\",\"logo\":{\"@type\":\"ImageObject\",\"inLanguage\":\"de\",\"@id\":\"https:\/\/okayfactor.com\/#\/schema\/logo\/image\/\",\"url\":\"https:\/\/okayfactor.com\/wp-content\/uploads\/2017\/07\/Logo-OkayFactor_WithText-Megrim_300x200.png\",\"contentUrl\":\"https:\/\/okayfactor.com\/wp-content\/uploads\/2017\/07\/Logo-OkayFactor_WithText-Megrim_300x200.png\",\"width\":300,\"height\":200,\"caption\":\"Okayfactor\"},\"image\":{\"@id\":\"https:\/\/okayfactor.com\/#\/schema\/logo\/image\/\"},\"sameAs\":[\"https:\/\/www.facebook.com\/okayfactor\",\"https:\/\/www.youtube.com\/channel\/UCZtL0Z52RsNiwbHsRXaSlxQ\",\"https:\/\/www.instagram.com\/papierdrachen_poesie\/\"]}]}<\/script>\n<!-- \/ Yoast SEO plugin. -->","yoast_head_json":{"title":"Success Stories - Okay Factor","robots":{"index":"index","follow":"follow","max-snippet":"max-snippet:-1","max-image-preview":"max-image-preview:large","max-video-preview":"max-video-preview:-1"},"canonical":"https:\/\/okayfactor.com\/?page_id=2090","og_locale":"de_DE","og_type":"article","og_title":"Success Stories - Okay Factor","og_description":"Success Stories Pilgerweg-App Zum Projekt Pilgerweg-App 9. August 2021 Kann man digital pilgern? Ja, man kann! In der Coronaphase f\u00fcr die Arbeitgemeinschaft Christlicher Kirchen entwickelt und seit Mai 2020 kontinuierlich wachsende Nutzerzahlen. Tr\u00e4gerdialog Zum Projekt Tr\u00e4gerdialog 21. Januar 2021 Mit dem erneuten Lockdown hat sich die Situation f\u00fcr viele Weiterbildungstr\u00e4ger erneut versch\u00e4rft. Gleichzeitig wurden inzwischen neue Wege in der digitalen ... Read More","og_url":"https:\/\/okayfactor.com\/?page_id=2090","og_site_name":"Okay Factor","article_publisher":"https:\/\/www.facebook.com\/okayfactor","article_modified_time":"2023-02-24T08:14:12+00:00","twitter_card":"summary_large_image","twitter_misc":{"Gesch\u00e4tzte Lesezeit":"1\u00a0Minute"},"schema":{"@context":"https:\/\/schema.org","@graph":[{"@type":"WebPage","@id":"https:\/\/okayfactor.com\/?page_id=2090","url":"https:\/\/okayfactor.com\/?page_id=2090","name":"Success Stories - Okay Factor","isPartOf":{"@id":"https:\/\/okayfactor.com\/#website"},"datePublished":"2018-09-07T16:03:04+00:00","dateModified":"2023-02-24T08:14:12+00:00","breadcrumb":{"@id":"https:\/\/okayfactor.com\/?page_id=2090#breadcrumb"},"inLanguage":"de","potentialAction":[{"@type":"ReadAction","target":["https:\/\/okayfactor.com\/?page_id=2090"]}]},{"@type":"BreadcrumbList","@id":"https:\/\/okayfactor.com\/?page_id=2090#breadcrumb","itemListElement":[{"@type":"ListItem","position":1,"name":"Home","item":"https:\/\/okayfactor.com\/"},{"@type":"ListItem","position":2,"name":"Success Stories"}]},{"@type":"WebSite","@id":"https:\/\/okayfactor.com\/#website","url":"https:\/\/okayfactor.com\/","name":"Okayfactor","description":"Agentur f\u00fcr alles, was Sinn macht.","publisher":{"@id":"https:\/\/okayfactor.com\/#organization"},"potentialAction":[{"@type":"SearchAction","target":{"@type":"EntryPoint","urlTemplate":"https:\/\/okayfactor.com\/?s={search_term_string}"},"query-input":{"@type":"PropertyValueSpecification","valueRequired":true,"valueName":"search_term_string"}}],"inLanguage":"de"},{"@type":"Organization","@id":"https:\/\/okayfactor.com\/#organization","name":"Okayfactor","url":"https:\/\/okayfactor.com\/","logo":{"@type":"ImageObject","inLanguage":"de","@id":"https:\/\/okayfactor.com\/#\/schema\/logo\/image\/","url":"https:\/\/okayfactor.com\/wp-content\/uploads\/2017\/07\/Logo-OkayFactor_WithText-Megrim_300x200.png","contentUrl":"https:\/\/okayfactor.com\/wp-content\/uploads\/2017\/07\/Logo-OkayFactor_WithText-Megrim_300x200.png","width":300,"height":200,"caption":"Okayfactor"},"image":{"@id":"https:\/\/okayfactor.com\/#\/schema\/logo\/image\/"},"sameAs":["https:\/\/www.facebook.com\/okayfactor","https:\/\/www.youtube.com\/channel\/UCZtL0Z52RsNiwbHsRXaSlxQ","https:\/\/www.instagram.com\/papierdrachen_poesie\/"]}]}},"_links":{"self":[{"href":"https:\/\/okayfactor.com\/index.php?rest_route=\/wp\/v2\/pages\/2090"}],"collection":[{"href":"https:\/\/okayfactor.com\/index.php?rest_route=\/wp\/v2\/pages"}],"about":[{"href":"https:\/\/okayfactor.com\/index.php?rest_route=\/wp\/v2\/types\/page"}],"author":[{"embeddable":true,"href":"https:\/\/okayfactor.com\/index.php?rest_route=\/wp\/v2\/users\/1"}],"replies":[{"embeddable":true,"href":"https:\/\/okayfactor.com\/index.php?rest_route=%2Fwp%2Fv2%2Fcomments&post=2090"}],"version-history":[{"count":8,"href":"https:\/\/okayfactor.com\/index.php?rest_route=\/wp\/v2\/pages\/2090\/revisions"}],"predecessor-version":[{"id":29154,"href":"https:\/\/okayfactor.com\/index.php?rest_route=\/wp\/v2\/pages\/2090\/revisions\/29154"}],"wp:attachment":[{"href":"https:\/\/okayfactor.com\/index.php?rest_route=%2Fwp%2Fv2%2Fmedia&parent=2090"}],"curies":[{"name":"wp","href":"https:\/\/api.w.org\/{rel}","templated":true}]}}